{"id":187,"date":"2020-02-10T11:43:11","date_gmt":"2020-02-10T10:43:11","guid":{"rendered":"https:\/\/padelmaria.com\/?page_id=187"},"modified":"2025-09-19T16:12:16","modified_gmt":"2025-09-19T14:12:16","slug":"home","status":"publish","type":"page","link":"https:\/\/padelmaria.com\/","title":{"rendered":"Home"},"content":{"rendered":"\t\t<div data-elementor-type=\"wp-page\" data-elementor-id=\"187\" class=\"elementor elementor-187\">\n\t\t\t\t<div class=\"aux-parallax-section elementor-element elementor-element-ac6c26f e-flex e-con-boxed e-con e-parent\" data-id=\"ac6c26f\" data-element_type=\"container\">\n\t\t\t\t\t<div class=\"e-con-inner\">\n\t\t\t\t<div class=\"elementor-element elementor-element-b4b3a02 elementor-widget elementor-widget-image\" data-id=\"b4b3a02\" data-element_type=\"widget\" data-widget_type=\"image.default\">\n\t\t\t\t<div class=\"elementor-widget-container\">\n\t\t\t\t\t\t\t\t\t\t\t\t\t\t\t<img fetchpriority=\"high\" decoding=\"async\" width=\"1815\" height=\"1414\" src=\"https:\/\/padelmaria.com\/wp-content\/uploads\/2025\/04\/cropped-Diseno-sin-titulo-1.png\" class=\"attachment-full size-full wp-image-256\" alt=\"\" srcset=\"https:\/\/padelmaria.com\/wp-content\/uploads\/2025\/04\/cropped-Diseno-sin-titulo-1.png 1815w, https:\/\/padelmaria.com\/wp-content\/uploads\/2025\/04\/cropped-Diseno-sin-titulo-1-1536x1197.png 1536w\" sizes=\"(max-width: 1815px) 100vw, 1815px\" \/>\t\t\t\t\t\t\t\t\t\t\t\t\t\t\t<\/div>\n\t\t\t\t<\/div>\n\t\t\t\t\t<\/div>\n\t\t\t\t<\/div>\n\t\t<div class=\"aux-parallax-section elementor-element elementor-element-e7a06f8 e-flex e-con-boxed e-con e-parent\" data-id=\"e7a06f8\" data-element_type=\"container\">\n\t\t\t\t\t<div class=\"e-con-inner\">\n\t\t\t\t<div class=\"elementor-element elementor-element-81fa56e elementor-align-center elementor-widget elementor-widget-button\" data-id=\"81fa56e\" data-element_type=\"widget\" data-widget_type=\"button.default\">\n\t\t\t\t<div class=\"elementor-widget-container\">\n\t\t\t\t\t\t\t\t\t<div class=\"elementor-button-wrapper\">\n\t\t\t\t\t<a class=\"elementor-button elementor-button-link elementor-size-sm\" href=\"https:\/\/docs.google.com\/forms\/d\/e\/1FAIpQLSfgnTVolc4kNIKDJY8kgs6GzooDarxLFuihBRtukA5QJ3FQ-w\/viewform?usp=header\">\n\t\t\t\t\t\t<span class=\"elementor-button-content-wrapper\">\n\t\t\t\t\t\t\t\t\t<span class=\"elementor-button-text\">Formulari d'inscripci\u00f3<\/span>\n\t\t\t\t\t<\/span>\n\t\t\t\t\t<\/a>\n\t\t\t\t<\/div>\n\t\t\t\t\t\t\t\t<\/div>\n\t\t\t\t<\/div>\n\t\t\t\t<div class=\"elementor-element elementor-element-e8e6ba5 elementor-hidden-tablet elementor-hidden-phone aux-appear-watch-animation aux-fade-in-up-2 elementor-widget elementor-widget-text-editor\" data-id=\"e8e6ba5\" data-element_type=\"widget\" data-widget_type=\"text-editor.default\">\n\t\t\t\t<div class=\"elementor-widget-container\">\n\t\t\t\t\t\t\t\t\t<p class=\"ds-markdown-paragraph\">No ho pensis m\u00e9s:<\/p><ul><li><p class=\"ds-markdown-paragraph\"><strong>Est\u00e0s preparat per al que ve? El primer pas \u00e9s inscriure&#8217;s.<\/strong>\u00a0\ud83d\ude80<\/p><\/li><\/ul>\t\t\t\t\t\t\t\t<\/div>\n\t\t\t\t<\/div>\n\t\t\t\t\t<\/div>\n\t\t\t\t<\/div>\n\t\t<div class=\"aux-parallax-section elementor-element elementor-element-94c5e6f e-flex e-con-boxed e-con e-parent\" data-id=\"94c5e6f\" data-element_type=\"container\">\n\t\t\t\t\t<div class=\"e-con-inner\">\n\t\t<div class=\"elementor-element elementor-element-4ce2c2e e-con-full e-flex e-con e-child\" data-id=\"4ce2c2e\" data-element_type=\"container\">\n\t\t\t\t<div class=\"aux-scroll-anim elementor-element elementor-element-9bfda69 aux-appear-watch-animation aux-scale-down elementor-widget elementor-widget-aux_image\" data-move-in=\"moveHorizontal\" data-move-out=\"moveHorizontal\" data-axis-x=\"-20\" data-axis-y=\"200\" data-rotate=\"90\" data-scale=\"1\" data-vp-top=\"0.5\" data-vp-bot=\"0.5\" data-el-top=\"0.2\" data-scroll-animation-off=\"1024\" data-id=\"9bfda69\" data-element_type=\"widget\" data-widget_type=\"aux_image.default\">\n\t\t\t\t<div class=\"elementor-widget-container\">\n\t\t\t\t\t<section class=\"widget-container aux-widget-image aux-alignnone aux-parent-au3c90532e\">\n    <div class=\"aux-media-hint-frame \">\n        <div class=\"aux-media-image \" >\n        \n            \n\n            \n            <img decoding=\"async\" src=\"https:\/\/padelmaria.com\/1.png\" alt=\"\" \/>            \n                <\/div>\n    <\/div>\n\n<\/section><!-- widget-container -->\t\t\t\t<\/div>\n\t\t\t\t<\/div>\n\t\t\t\t<\/div>\n\t\t<div class=\"elementor-element elementor-element-7b19c29 e-con-full e-flex e-con e-child\" data-id=\"7b19c29\" data-element_type=\"container\">\n\t\t\t\t<div class=\"elementor-element elementor-element-6c677f1 elementor-widget__width-auto aux-appear-watch-animation aux-fade-in-left-1 elementor-widget elementor-widget-aux_simple_svg\" data-id=\"6c677f1\" data-element_type=\"widget\" data-widget_type=\"aux_simple_svg.default\">\n\t\t\t\t<div class=\"elementor-widget-container\">\n\t\t\t\t\t    <div class=\"aux-widget-container aux-simple-svg-container\">\n        <div class=\"aux-widget-container-inner\">\n            <div class=\"aux-the-svg\"><svg xmlns=\"http:\/\/www.w3.org\/2000\/svg\" width=\"21.033\" height=\"21.472\" viewBox=\"0 0 21.033 21.472\">\r\n  <g id=\"Group_8\" data-name=\"Group 8\" transform=\"translate(234.373 -379.215) rotate(90)\">\r\n    <rect id=\"Rectangle_4\" data-name=\"Rectangle 4\" width=\"21\" height=\"20\" transform=\"translate(379.687 213.425)\" fill=\"rgba(255,255,255,0)\" \/>\r\n    <g id=\"Group_7\" data-name=\"Group 7\" transform=\"translate(380.238 213.34)\">\r\n      <line \/>\r\n      <line \/>\r\n    <\/g>\r\n  <\/g>\r\n<\/svg>\r\n<\/div>\n        <\/div>\n    <\/div>\n    \t\t\t\t<\/div>\n\t\t\t\t<\/div>\n\t\t\t\t<div class=\"elementor-element elementor-element-ab624f7 aux-appear-watch-animation aux-fade-in-up-2 elementor-widget elementor-widget-aux_modern_heading\" data-id=\"ab624f7\" data-element_type=\"widget\" data-widget_type=\"aux_modern_heading.default\">\n\t\t\t\t<div class=\"elementor-widget-container\">\n\t\t\t\t\t<section class=\"aux-widget-modern-heading\">\n            <div class=\"aux-widget-inner\"><h5 class=\"aux-modern-heading-primary\">Benvinguts al <br>I Torneig de P\u00e0del<br>per a Pares i Mares de l\u2019Escola Cor de Maria<\/h5><div class=\"aux-modern-heading-description\">Data del torneig: 4 d' Octubre.\n<br>Ubicaci\u00f3: Maresme P\u00e0del Club (Premi\u00e0 de Mar).<\/div><\/div>\n        <\/section>\t\t\t\t<\/div>\n\t\t\t\t<\/div>\n\t\t\t\t<\/div>\n\t\t\t\t\t<\/div>\n\t\t\t\t<\/div>\n\t\t\t\t<\/div>\n\t\t","protected":false},"excerpt":{"rendered":"<p>Formulari d&#8217;inscripci\u00f3 No ho pensis m\u00e9s: Est\u00e0s preparat per al que ve? El primer pas \u00e9s inscriure&#8217;s.\u00a0\ud83d\ude80 Benvinguts al I Torneig de P\u00e0delper a Pares i Mares de l\u2019Escola Cor de Maria Data del torneig: 4 d&#8217; Octubre. Ubicaci\u00f3: Maresme P\u00e0del Club (Premi\u00e0 de Mar).<\/p>\n","protected":false},"author":1,"featured_media":0,"parent":0,"menu_order":0,"comment_status":"closed","ping_status":"closed","template":"templates\/page-builder-content.php","meta":{"footnotes":""},"class_list":["post-187","page","type-page","status-publish","hentry"],"_links":{"self":[{"href":"https:\/\/padelmaria.com\/index.php?rest_route=\/wp\/v2\/pages\/187","targetHints":{"allow":["GET"]}}],"collection":[{"href":"https:\/\/padelmaria.com\/index.php?rest_route=\/wp\/v2\/pages"}],"about":[{"href":"https:\/\/padelmaria.com\/index.php?rest_route=\/wp\/v2\/types\/page"}],"author":[{"embeddable":true,"href":"https:\/\/padelmaria.com\/index.php?rest_route=\/wp\/v2\/users\/1"}],"replies":[{"embeddable":true,"href":"https:\/\/padelmaria.com\/index.php?rest_route=%2Fwp%2Fv2%2Fcomments&post=187"}],"version-history":[{"count":96,"href":"https:\/\/padelmaria.com\/index.php?rest_route=\/wp\/v2\/pages\/187\/revisions"}],"predecessor-version":[{"id":326,"href":"https:\/\/padelmaria.com\/index.php?rest_route=\/wp\/v2\/pages\/187\/revisions\/326"}],"wp:attachment":[{"href":"https:\/\/padelmaria.com\/index.php?rest_route=%2Fwp%2Fv2%2Fmedia&parent=187"}],"curies":[{"name":"wp","href":"https:\/\/api.w.org\/{rel}","templated":true}]}}